{"id":347,"date":"2016-08-23T06:44:55","date_gmt":"2016-08-23T06:44:55","guid":{"rendered":"http:\/\/demo.uix.store\/sober\/?page_id=347"},"modified":"2024-03-14T16:47:43","modified_gmt":"2024-03-14T15:47:43","slug":"faqs","status":"publish","type":"page","link":"https:\/\/emilelise.com\/en\/faqs\/","title":{"rendered":"FAQs"},"content":{"rendered":"<div class=\"vc_row wpb_row vc_row-fluid\"><div class=\"wpb_column vc_column_container vc_col-sm-12\"><div class=\"vc_column-inner\"><div class=\"wpb_wrapper\">\n\t<div class=\"wpb_text_column wpb_content_element\" >\n\t\t<div class=\"wpb_wrapper\">\n\t\t\t<h3>Bestellungen<\/h3>\n\n\t\t<\/div>\n\t<\/div>\n<div class=\"sober-faq\">\n\t\t\t\t<div class=\"question\">\n\t\t\t\t\t<span class=\"question-label\">Question<\/span>\n\t\t\t\t\t<span class=\"question-icon\"><span class=\"toggle-icon\"><\/span><\/span>\n\t\t\t\t\t<span class=\"question-title\">Wie funktioniert eine Bestellung?<\/span>\n\t\t\t\t<\/div>\n\t\t\t\t<div class=\"answer\"><span class=\"answer-label\">Answer<\/span>Sobald du dich f\u00fcr ein oder mehrere Produkte entschieden hast, kannst du die gew\u00fcnschten Artikel in den Einkaufswagen legen. Klicke hierzu einfach auf den Button \u201cIn den Warenkorb\u201d. Artikel, die sich in deinem Warenkorb befinden, werden erst nach Abschluss deiner Bestellung verbindlich f\u00fcr dich reserviert.<\/div>\n\t\t\t<\/div><div class=\"sober-faq   open\">\n\t\t\t\t<div class=\"question\">\n\t\t\t\t\t<span class=\"question-label\">Question<\/span>\n\t\t\t\t\t<span class=\"question-icon\"><span class=\"toggle-icon\"><\/span><\/span>\n\t\t\t\t\t<span class=\"question-title\">Kann ich an den bereits in den Warenkorb gelegten Produkten \u00c4nderungen vornehmen?<\/span>\n\t\t\t\t<\/div>\n\t\t\t\t<div class=\"answer\"><span class=\"answer-label\">Answer<\/span>Im Warenkorb findest du eine \u00dcbersicht deiner bislang ausgew\u00e4hlten Produkte. Hier kannst du abschlie\u00dfend deine Angaben nochmals \u00fcberpr\u00fcfen und gegebenenfalls \u00e4ndern. Zus\u00e4tzlich informieren wir dich \u00fcber die Gesamtsumme der ausgew\u00e4hlten Artikel sowie \u00fcber eventuell anfallende Versandkosten deiner Bestellung. Klicke auf \u201cWeiter zur Kasse\u201d um deine Bestellung abzuschlie\u00dfen.<\/div>\n\t\t\t<\/div><div class=\"sober-faq\">\n\t\t\t\t<div class=\"question\">\n\t\t\t\t\t<span class=\"question-label\">Question<\/span>\n\t\t\t\t\t<span class=\"question-icon\"><span class=\"toggle-icon\"><\/span><\/span>\n\t\t\t\t\t<span class=\"question-title\">Was passiert im Anschluss an meine Bestellung?<\/span>\n\t\t\t\t<\/div>\n\t\t\t\t<div class=\"answer\"><span class=\"answer-label\">Answer<\/span>Nach Abschluss deiner Bestellung erh\u00e4ltst du von uns eine Bestellbest\u00e4tigung per E-Mail mit deiner Bestellnummer und unseren AGB. In deinem Benutzerkonto unter Bestellungen kannst du dich immer \u00fcber den aktuellen Status deiner Bestellung informieren. Wir werden dich au\u00dferdem per E-Mail informieren, sobald wir deine Bestellung verschickt haben.<\/div>\n\t\t\t<\/div><\/div><\/div><\/div><\/div><div class=\"vc_row wpb_row vc_row-fluid\"><div class=\"wpb_column vc_column_container vc_col-sm-12\"><div class=\"vc_column-inner\"><div class=\"wpb_wrapper\">\n\t<div class=\"wpb_text_column wpb_content_element\" >\n\t\t<div class=\"wpb_wrapper\">\n\t\t\t<h3>Kontakt &amp; Hilfe<\/h3>\n\n\t\t<\/div>\n\t<\/div>\n<\/div><\/div><\/div><\/div><div class=\"vc_row wpb_row vc_row-fluid\"><div class=\"wpb_column vc_column_container vc_col-sm-12\"><div class=\"vc_column-inner\"><div class=\"wpb_wrapper\"><div class=\"sober-faq\">\n\t\t\t\t<div class=\"question\">\n\t\t\t\t\t<span class=\"question-label\">Question<\/span>\n\t\t\t\t\t<span class=\"question-icon\"><span class=\"toggle-icon\"><\/span><\/span>\n\t\t\t\t\t<span class=\"question-title\">Wie kann ich euch erreichen, wenn ich Probleme mit meiner Bestellung habe?<\/span>\n\t\t\t\t<\/div>\n\t\t\t\t<div class=\"answer\"><span class=\"answer-label\">Answer<\/span>Du kannst uns gerne eine E-Mail an shop@emilelise.com schicken oder unser Kontaktformular im Footer benutzen.<\/div>\n\t\t\t<\/div><\/div><\/div><\/div><\/div><div class=\"vc_row wpb_row vc_row-fluid\"><div class=\"wpb_column vc_column_container vc_col-sm-12\"><div class=\"vc_column-inner\"><div class=\"wpb_wrapper\">\n\t<div class=\"wpb_text_column wpb_content_element\" >\n\t\t<div class=\"wpb_wrapper\">\n\t\t\t<h3>R\u00fccksendungen &amp; Probleme<\/h3>\n\n\t\t<\/div>\n\t<\/div>\n<\/div><\/div><\/div><\/div><div class=\"vc_row wpb_row vc_row-fluid\"><div class=\"wpb_column vc_column_container vc_col-sm-12\"><div class=\"vc_column-inner\"><div class=\"wpb_wrapper\"><div class=\"sober-faq\">\n\t\t\t\t<div class=\"question\">\n\t\t\t\t\t<span class=\"question-label\">Question<\/span>\n\t\t\t\t\t<span class=\"question-icon\"><span class=\"toggle-icon\"><\/span><\/span>\n\t\t\t\t\t<span class=\"question-title\">Wie kann ich meine Bestellung retournieren?<\/span>\n\t\t\t\t<\/div>\n\t\t\t\t<div class=\"answer\"><span class=\"answer-label\">Answer<\/span>Sende uns bitte eine E-Mail an\u00a0<u><a href=\"mailto:shop@emilelise.com\">mailto:shop@emilelise.com<\/a><\/u>\u00a0mit deiner Bestellnummer und dem Betreff Retoure. Wir schicken dir anschlie\u00dfend das Retourenlabel per E-Mail zu. Dieses kannst du dann ausdrucken, auf das Retourenpaket kleben und deine Bestellung an uns zur\u00fcckschicken.<\/p>\n<p>Unsere Anschrift lautet wie folgt:<\/p>\n<p>furor per fumum GmbH &amp; Co. KG<br \/>\nwww.emilelise.com<br \/>\nIm Teelbruch 118<br \/>\n45219 Essen<\/p>\n<p>Bitte ber\u00fccksichtige, dass wir keine Versandkosten f\u00fcr eine Retoure \u00fcbernehmen k\u00f6nnen, die wir vorab nicht verbucht haben und du den R\u00fcckversand selbst gezahlt hast.<\/div>\n\t\t\t<\/div><\/div><\/div><\/div><\/div><div class=\"vc_row wpb_row vc_row-fluid\"><div class=\"wpb_column vc_column_container vc_col-sm-12\"><div class=\"vc_column-inner\"><div class=\"wpb_wrapper\"><div class=\"sober-faq\">\n\t\t\t\t<div class=\"question\">\n\t\t\t\t\t<span class=\"question-label\">Question<\/span>\n\t\t\t\t\t<span class=\"question-icon\"><span class=\"toggle-icon\"><\/span><\/span>\n\t\t\t\t\t<span class=\"question-title\">Wie verhalte ich mich, wenn ich einen defekten oder fehlerhaften Artikel erhalte?<\/span>\n\t\t\t\t<\/div>\n\t\t\t\t<div class=\"answer\"><span class=\"answer-label\">Answer<\/span>Solltest du eine defekte und\/oder fehlerhafte Lieferung erhalten, wende dich bitte umgehend an unsere Kundenservice und schreibe uns eine E-Mail an\u00a0<u><a href=\"mailto:shop@emilelise.com\">mailto:shop@emilelise.com<\/a><\/u>.<\/div>\n\t\t\t<\/div><div class=\"sober-faq\">\n\t\t\t\t<div class=\"question\">\n\t\t\t\t\t<span class=\"question-label\">Question<\/span>\n\t\t\t\t\t<span class=\"question-icon\"><span class=\"toggle-icon\"><\/span><\/span>\n\t\t\t\t\t<span class=\"question-title\">Wird meine Gutschrift im Fall einer Retoure mit einer neuen Bestellung verrechnet?<\/span>\n\t\t\t\t<\/div>\n\t\t\t\t<div class=\"answer\"><span class=\"answer-label\">Answer<\/span>Solltest du mehrere Bestellungen bei uns aufgegeben haben und retournierst eine, wird die Gutschrift f\u00fcr die Retoure nicht mit ausstehenden Zahlungen zu anderen Bestellungen verrechnet. Die Erstattung f\u00fcr die Retoure erfolgt gem\u00e4\u00df der Zahlungsart, die du bei der Bestellung verwendet hast.<\/div>\n\t\t\t<\/div><div class=\"sober-faq\">\n\t\t\t\t<div class=\"question\">\n\t\t\t\t\t<span class=\"question-label\">Question<\/span>\n\t\t\t\t\t<span class=\"question-icon\"><span class=\"toggle-icon\"><\/span><\/span>\n\t\t\t\t\t<span class=\"question-title\">Wie l\u00e4uft die Bearbeitung meiner Retoure ab?<\/span>\n\t\t\t\t<\/div>\n\t\t\t\t<div class=\"answer\"><span class=\"answer-label\">Answer<\/span>Sobald deine Warenr\u00fccksendung von uns bearbeitet wurde, wirst du per E-Mail dar\u00fcber informiert. Der entsprechende Gutschriftbetrag wird sp\u00e4testens nach 14 Tagen\u00a0erstattet.<\/div>\n\t\t\t<\/div><\/div><\/div><\/div><\/div><div class=\"vc_row wpb_row vc_row-fluid\"><div class=\"wpb_column vc_column_container vc_col-sm-12\"><div class=\"vc_column-inner\"><div class=\"wpb_wrapper\">\n\t<div class=\"wpb_text_column wpb_content_element\" >\n\t\t<div class=\"wpb_wrapper\">\n\t\t\t<h3>Versand &amp; Lieferung<\/h3>\n\n\t\t<\/div>\n\t<\/div>\n<\/div><\/div><\/div><\/div><div class=\"vc_row wpb_row vc_row-fluid\"><div class=\"wpb_column vc_column_container vc_col-sm-12\"><div class=\"vc_column-inner\"><div class=\"wpb_wrapper\"><div class=\"sober-faq\">\n\t\t\t\t<div class=\"question\">\n\t\t\t\t\t<span class=\"question-label\">Question<\/span>\n\t\t\t\t\t<span class=\"question-icon\"><span class=\"toggle-icon\"><\/span><\/span>\n\t\t\t\t\t<span class=\"question-title\">Mit welchem Paketdienst wird meine Bestellung versendet?<\/span>\n\t\t\t\t<\/div>\n\t\t\t\t<div class=\"answer\"><span class=\"answer-label\">Answer<\/span>Wir versenden unsere Pakete ausschlie\u00dflich mit DHL.<\/div>\n\t\t\t<\/div><div class=\"sober-faq\">\n\t\t\t\t<div class=\"question\">\n\t\t\t\t\t<span class=\"question-label\">Question<\/span>\n\t\t\t\t\t<span class=\"question-icon\"><span class=\"toggle-icon\"><\/span><\/span>\n\t\t\t\t\t<span class=\"question-title\">Wie hoch sind die Versandkosten?<\/span>\n\t\t\t\t<\/div>\n\t\t\t\t<div class=\"answer\"><span class=\"answer-label\">Answer<\/span>Innerhalb Deutschlands fallen zus\u00e4tzlich zu Deiner Bestellung Versandkosten in H\u00f6he von 3,95 \u20ac an. Ab einem Warenwert von 25,00 \u20ac versenden wir deutschlandweit kostenfrei.<\/div>\n\t\t\t<\/div><\/div><\/div><\/div><\/div><div class=\"vc_row wpb_row vc_row-fluid\"><div class=\"wpb_column vc_column_container vc_col-sm-12\"><div class=\"vc_column-inner\"><div class=\"wpb_wrapper\"><\/div><\/div><\/div><\/div>","protected":false},"excerpt":{"rendered":"Bestellungen Question Wie funktioniert eine Bestellung? AnswerSobald du dich f\u00fcr ein oder mehrere Produkte entschieden&hellip;","protected":false},"author":1,"featured_media":0,"parent":0,"menu_order":0,"comment_status":"closed","ping_status":"closed","template":"","meta":{"footnotes":""},"class_list":["post-347","page","type-page","status-publish","hentry"],"_links":{"self":[{"href":"https:\/\/emilelise.com\/en\/wp-json\/wp\/v2\/pages\/347","targetHints":{"allow":["GET"]}}],"collection":[{"href":"https:\/\/emilelise.com\/en\/wp-json\/wp\/v2\/pages"}],"about":[{"href":"https:\/\/emilelise.com\/en\/wp-json\/wp\/v2\/types\/page"}],"author":[{"embeddable":true,"href":"https:\/\/emilelise.com\/en\/wp-json\/wp\/v2\/users\/1"}],"replies":[{"embeddable":true,"href":"https:\/\/emilelise.com\/en\/wp-json\/wp\/v2\/comments?post=347"}],"version-history":[{"count":5,"href":"https:\/\/emilelise.com\/en\/wp-json\/wp\/v2\/pages\/347\/revisions"}],"predecessor-version":[{"id":4983,"href":"https:\/\/emilelise.com\/en\/wp-json\/wp\/v2\/pages\/347\/revisions\/4983"}],"wp:attachment":[{"href":"https:\/\/emilelise.com\/en\/wp-json\/wp\/v2\/media?parent=347"}],"curies":[{"name":"wp","href":"https:\/\/api.w.org\/{rel}","templated":true}]}}